{"id":10920,"date":"2025-02-19T01:48:57","date_gmt":"2025-02-19T06:48:57","guid":{"rendered":"https:\/\/70aniversario.feyalegria.org\/venezuela\/?page_id=10920"},"modified":"2025-10-29T11:17:26","modified_gmt":"2025-10-29T16:17:26","slug":"comparte-tu-historia","status":"publish","type":"page","link":"https:\/\/70aniversario.feyalegria.org\/venezuela\/comparte-tu-historia\/","title":{"rendered":"Comparte tu historia"},"content":{"rendered":"\n<div style=\"height:100px\" aria-hidden=\"true\" class=\"wp-block-spacer\"><\/div>\n\n\n\n<figure class=\"wp-block-image size-large\"><img fetchpriority=\"high\" decoding=\"async\" width=\"1024\" height=\"576\" src=\"https:\/\/70aniversario.feyalegria.org\/venezuela\/wp-content\/uploads\/sites\/4\/2025\/10\/Comparte-tu-historia-1-1024x576.png\" alt=\"\" class=\"wp-image-12050\" srcset=\"https:\/\/70aniversario.feyalegria.org\/venezuela\/wp-content\/uploads\/sites\/4\/2025\/10\/Comparte-tu-historia-1-1024x576.png 1024w, https:\/\/70aniversario.feyalegria.org\/venezuela\/wp-content\/uploads\/sites\/4\/2025\/10\/Comparte-tu-historia-1-300x169.png 300w, https:\/\/70aniversario.feyalegria.org\/venezuela\/wp-content\/uploads\/sites\/4\/2025\/10\/Comparte-tu-historia-1-768x432.png 768w, https:\/\/70aniversario.feyalegria.org\/venezuela\/wp-content\/uploads\/sites\/4\/2025\/10\/Comparte-tu-historia-1.png 1080w\" sizes=\"(max-width: 1024px) 100vw, 1024px\" \/><\/figure>\n\n\n\n<div class=\"wp-block-group\"><div class=\"wp-block-group__inner-container is-layout-constrained wp-block-group-is-layout-constrained\"><style id=\"wpforms-css-vars-10922-block-d43ed1b7-7e54-49a2-bbac-02a557200342\">\n\t\t\t\t#wpforms-10922.wpforms-block-d43ed1b7-7e54-49a2-bbac-02a557200342 {\n\t\t\t\t--wpforms-label-color: #383c39;\n--wpforms-label-sublabel-color: #707971;\n--wpforms-label-error-color: #d63636;\n--wpforms-page-break-color: #58bb5d;\n--wpforms-field-border-color: #c6cbc6;\n--wpforms-field-border-color-spare: #c6cbc6;\n--wpforms-field-text-color: #383c39;\n--wpforms-container-border-radius: 0px;\n--wpforms-button-background-color: #58bb5d;\n--wpforms-button-text-color: #eef8ef;\n--wpforms-button-border-color: #58bb5d;\n--wpforms-background-image: library;\n--wpforms-background-color: #eaffe800;\n--wpforms-field-size-input-height: 50px;\n--wpforms-field-size-input-spacing: 20px;\n--wpforms-field-size-font-size: 18px;\n--wpforms-field-size-line-height: 21px;\n--wpforms-field-size-padding-h: 14px;\n--wpforms-field-size-checkbox-size: 18px;\n--wpforms-field-size-sublabel-spacing: 10px;\n--wpforms-field-size-icon-size: 1.25;\n--wpforms-label-size-font-size: 16px;\n--wpforms-label-size-line-height: 19px;\n--wpforms-label-size-sublabel-font-size: 14px;\n--wpforms-label-size-sublabel-line-height: 17px;\n--wpforms-button-size-font-size: 17px;\n--wpforms-button-size-height: 41px;\n--wpforms-button-size-padding-h: 15px;\n--wpforms-button-size-margin-top: 10px;\n--wpforms-container-shadow-size-box-shadow: none;\n\n\t\t\t}\n\t\t\t<\/style><div class=\"wpforms-container wpforms-container-full wpforms-block wpforms-block-d43ed1b7-7e54-49a2-bbac-02a557200342 wpforms-render-modern\" id=\"wpforms-10922\"><form id=\"wpforms-form-10922\" class=\"wpforms-validate wpforms-form wpforms-ajax-form\" data-formid=\"10922\" method=\"post\" enctype=\"multipart\/form-data\" action=\"\/venezuela\/wp-json\/wp\/v2\/pages\/10920\" data-token=\"98611e43a32038a0aea6f20b3eaab8ae\" data-token-time=\"1777139857\"><div class=\"wpforms-head-container\"><div class=\"wpforms-title\">Comparte tu historia<\/div><\/div><noscript class=\"wpforms-error-noscript\">Por favor, activa JavaScript en tu navegador para completar este formulario.<\/noscript><div class=\"wpforms-hidden\" id=\"wpforms-error-noscript\">Por favor, activa JavaScript en tu navegador para completar este formulario.<\/div><div class=\"wpforms-page-indicator circles\" data-indicator=\"circles\" data-indicator-color=\"#a1ce5e\" data-scroll=\"1\" role=\"progressbar\" aria-valuenow=\"1\" aria-valuemin=\"1\" aria-valuemax=\"2\" tabindex=\"-1\"><div class=\"wpforms-page-indicator-page active wpforms-page-indicator-page-1\"><span class=\"wpforms-page-indicator-page-number\" style=\"background-color:#a1ce5e\">1<\/span><\/div><div class=\"wpforms-page-indicator-page  wpforms-page-indicator-page-2\"><span class=\"wpforms-page-indicator-page-number\">2<\/span><\/div><\/div><div class=\"wpforms-field-container\"><div class=\"wpforms-page wpforms-page-1 \" data-page=\"1\"><div id=\"wpforms-10922-field_11-container\" class=\"wpforms-field wpforms-field-pagebreak\" data-field-id=\"11\"><\/div><div id=\"wpforms-10922-field_6-container\" class=\"wpforms-field wpforms-field-name\" data-field-id=\"6\"><fieldset><legend class=\"wpforms-field-label\">Nombre y Apellidos <span class=\"wpforms-required-label\" aria-hidden=\"true\">*<\/span><\/legend><div class=\"wpforms-field-row wpforms-field-large\"><div class=\"wpforms-field-row-block wpforms-first wpforms-one-half\"><input type=\"text\" id=\"wpforms-10922-field_6\" class=\"wpforms-field-name-first wpforms-field-required\" name=\"wpforms[fields][6][first]\" aria-errormessage=\"wpforms-10922-field_6-error\" aria-describedby=\"wpforms-10922-field_6-description\" required><label for=\"wpforms-10922-field_6\" class=\"wpforms-field-sublabel after\">Nombre<\/label><\/div><div class=\"wpforms-field-row-block wpforms-one-half\"><input type=\"text\" id=\"wpforms-10922-field_6-last\" class=\"wpforms-field-name-last wpforms-field-required\" name=\"wpforms[fields][6][last]\" aria-errormessage=\"wpforms-10922-field_6-last-error\" aria-describedby=\"wpforms-10922-field_6-description\" required><label for=\"wpforms-10922-field_6-last\" class=\"wpforms-field-sublabel after\">Apellidos<\/label><\/div><\/div><div id=\"wpforms-10922-field_6-description\" class=\"wpforms-field-description\">Campo obligatorio para identificar a la persona que comparte la historia.<\/div><\/fieldset><\/div><div id=\"wpforms-10922-field_5-container\" class=\"wpforms-field wpforms-field-email\" data-field-id=\"5\"><label class=\"wpforms-field-label\" for=\"wpforms-10922-field_5\">Correo Electr\u00f3nico<\/label><input type=\"email\" id=\"wpforms-10922-field_5\" class=\"wpforms-field-large\" name=\"wpforms[fields][5]\" spellcheck=\"false\" aria-errormessage=\"wpforms-10922-field_5-error\" ><\/div><div id=\"wpforms-10922-field_7-container\" class=\"wpforms-field wpforms-field-phone\" data-field-id=\"7\"><label class=\"wpforms-field-label\" for=\"wpforms-10922-field_7\">Tel\u00e9fono<\/label><input type=\"tel\" id=\"wpforms-10922-field_7\" class=\"wpforms-field-large wpforms-smart-phone-field\" data-rule-smart-phone-field=\"true\" name=\"wpforms[fields][7]\" aria-label=\"Tel\u00e9fono\" aria-errormessage=\"wpforms-10922-field_7-error\" ><\/div><div id=\"wpforms-10922-field_13-container\" class=\"wpforms-field wpforms-field-select wpforms-field-select-style-classic\" data-field-id=\"13\"><label class=\"wpforms-field-label\" for=\"wpforms-10922-field_13\">\u00bfCu\u00e1l es tu rol en Fe y Alegr\u00eda? <span class=\"wpforms-required-label\" aria-hidden=\"true\">*<\/span><\/label><select id=\"wpforms-10922-field_13\" class=\"wpforms-field-large wpforms-field-required\" name=\"wpforms[fields][13]\" required=\"required\"><option value=\"Docente\" >Docente<\/option><option value=\"Alumno\" >Alumno<\/option><option value=\"Exalumno\" >Exalumno<\/option><option value=\"Voluntario\" >Voluntario<\/option><option value=\"Aliado\" >Aliado<\/option><option value=\"Otro\" >Otro<\/option><\/select><div id=\"wpforms-10922-field_13-description\" class=\"wpforms-field-description\">Campo obligatorio para clasificar las historias y conocer la perspectiva del narrador.<\/div><\/div><div id=\"wpforms-10922-field_10-container\" class=\"wpforms-field wpforms-field-pagebreak\" data-field-id=\"10\"><div class=\"wpforms-clear wpforms-pagebreak-center\"><button class=\"wpforms-page-button wpforms-page-next wpforms-disabled\"\n\t\t\t\t\tdata-action=\"next\" data-page=\"1\" data-formid=\"10922\" aria-disabled=\"true\" aria-describedby=\"wpforms-error-noscript\">Next<\/button><\/div><\/div><\/div><div class=\"wpforms-page wpforms-page-2 last \" data-page=\"2\" style=\"display:none;\"><div id=\"wpforms-10922-field_14-container\" class=\"wpforms-field wpforms-field-text\" data-field-id=\"14\"><label class=\"wpforms-field-label\" for=\"wpforms-10922-field_14\">T\u00edtulo de la historia<\/label><input type=\"text\" id=\"wpforms-10922-field_14\" class=\"wpforms-field-large\" name=\"wpforms[fields][14]\" aria-errormessage=\"wpforms-10922-field_14-error\" ><\/div><div id=\"wpforms-10922-field_3-container\" class=\"wpforms-field wpforms-field-textarea\" data-field-id=\"3\"><label class=\"wpforms-field-label\" for=\"wpforms-10922-field_3\">Cuenta tu historia <span class=\"wpforms-required-label\" aria-hidden=\"true\">*<\/span><\/label><textarea id=\"wpforms-10922-field_3\" class=\"wpforms-field-large wpforms-field-required\" name=\"wpforms[fields][3]\" aria-errormessage=\"wpforms-10922-field_3-error\" required><\/textarea><\/div><div id=\"wpforms-10922-field_4-container\" class=\"wpforms-field wpforms-field-textarea\" data-field-id=\"4\"><label class=\"wpforms-field-label\" for=\"wpforms-10922-field_4\">\u00bfC\u00f3mo Fe y Alegr\u00eda impact\u00f3 tu vida?<\/label><textarea id=\"wpforms-10922-field_4\" class=\"wpforms-field-large\" name=\"wpforms[fields][4]\" aria-errormessage=\"wpforms-10922-field_4-error\" ><\/textarea><\/div><div id=\"wpforms-10922-field_12-container\" class=\"wpforms-field wpforms-field-pagebreak\" data-field-id=\"12\"><\/div><\/div><\/div><!-- .wpforms-field-container --><div class=\"wpforms-submit-container\" style=\"display:none;\"><input type=\"hidden\" name=\"wpforms[id]\" value=\"10922\"><input type=\"hidden\" name=\"page_title\" value=\"\"><input type=\"hidden\" name=\"page_url\" value=\"https:\/\/70aniversario.feyalegria.org\/venezuela\/wp-json\/wp\/v2\/pages\/10920\"><button type=\"submit\" name=\"wpforms[submit]\" id=\"wpforms-submit-10922\" class=\"wpforms-submit\" data-alt-text=\"Enviando...\" data-submit-text=\"Enviar\" aria-live=\"assertive\" value=\"wpforms-submit\">Enviar<\/button><img decoding=\"async\" src=\"https:\/\/70aniversario.feyalegria.org\/venezuela\/wp-content\/plugins\/wpforms\/assets\/images\/submit-spin.svg\" class=\"wpforms-submit-spinner\" style=\"display: none;\" width=\"26\" height=\"26\" alt=\"Cargando\"><\/div><\/form><\/div>  <!-- .wpforms-container --><\/div><\/div>\n\n\n\n<p><\/p>\n","protected":false},"excerpt":{"rendered":"","protected":false},"author":8,"featured_media":0,"parent":0,"menu_order":0,"comment_status":"closed","ping_status":"closed","template":"elementor_theme","meta":{"footnotes":""},"class_list":["post-10920","page","type-page","status-publish","hentry"],"_links":{"self":[{"href":"https:\/\/70aniversario.feyalegria.org\/venezuela\/wp-json\/wp\/v2\/pages\/10920","targetHints":{"allow":["GET"]}}],"collection":[{"href":"https:\/\/70aniversario.feyalegria.org\/venezuela\/wp-json\/wp\/v2\/pages"}],"about":[{"href":"https:\/\/70aniversario.feyalegria.org\/venezuela\/wp-json\/wp\/v2\/types\/page"}],"author":[{"embeddable":true,"href":"https:\/\/70aniversario.feyalegria.org\/venezuela\/wp-json\/wp\/v2\/users\/8"}],"replies":[{"embeddable":true,"href":"https:\/\/70aniversario.feyalegria.org\/venezuela\/wp-json\/wp\/v2\/comments?post=10920"}],"version-history":[{"count":13,"href":"https:\/\/70aniversario.feyalegria.org\/venezuela\/wp-json\/wp\/v2\/pages\/10920\/revisions"}],"predecessor-version":[{"id":12051,"href":"https:\/\/70aniversario.feyalegria.org\/venezuela\/wp-json\/wp\/v2\/pages\/10920\/revisions\/12051"}],"wp:attachment":[{"href":"https:\/\/70aniversario.feyalegria.org\/venezuela\/wp-json\/wp\/v2\/media?parent=10920"}],"curies":[{"name":"wp","href":"https:\/\/api.w.org\/{rel}","templated":true}]}}