{"id":10766,"date":"2025-02-12T09:03:21","date_gmt":"2025-02-12T14:03:21","guid":{"rendered":"https:\/\/70aniversario.feyalegria.org\/venezuela\/?page_id=10766"},"modified":"2025-10-23T21:21:48","modified_gmt":"2025-10-24T02:21:48","slug":"eventos","status":"publish","type":"page","link":"https:\/\/70aniversario.feyalegria.org\/venezuela\/eventos\/","title":{"rendered":"Eventos"},"content":{"rendered":"\t\t<div data-elementor-type=\"wp-page\" data-elementor-id=\"10766\" class=\"elementor elementor-10766\">\n\t\t\t\t<div class=\"elementor-element elementor-element-b779049 e-flex e-con-boxed e-con e-parent\" data-id=\"b779049\" data-element_type=\"container\">\n\t\t\t\t\t<div class=\"e-con-inner\">\n\t\t\t\t<div class=\"elementor-element elementor-element-e11a3a7 elementor-widget elementor-widget-spacer\" data-id=\"e11a3a7\" data-element_type=\"widget\" data-widget_type=\"spacer.default\">\n\t\t\t\t<div class=\"elementor-widget-container\">\n\t\t\t\t\t<div class=\"elementor-spacer\">\n\t\t\t<div class=\"elementor-spacer-inner\"><\/div>\n\t\t<\/div>\n\t\t\t\t<\/div>\n\t\t\t\t<\/div>\n\t\t\t\t\t<\/div>\n\t\t\t\t<\/div>\n\t\t<div class=\"elementor-element elementor-element-f39f719 e-con-full e-flex e-con e-parent\" data-id=\"f39f719\" data-element_type=\"container\">\n\t\t\t\t<div class=\"elementor-element elementor-element-5670073 elementor-widget elementor-widget-slider_revolution\" data-id=\"5670073\" data-element_type=\"widget\" data-widget_type=\"slider_revolution.default\">\n\t\t\t\t<div class=\"elementor-widget-container\">\n\t\t\t\n\t\t<div class=\"wp-block-themepunch-revslider\">\n\t\t\t<!-- START Slider 2 REVOLUTION SLIDER 6.7.25 --><p class=\"rs-p-wp-fix\"><\/p>\n\t\t\t<rs-module-wrap id=\"rev_slider_4_1_wrapper\" data-source=\"gallery\" style=\"visibility:hidden;background:transparent;padding:0;\">\n\t\t\t\t<rs-module id=\"rev_slider_4_1\" style=\"\" data-version=\"6.7.25\">\n\t\t\t\t\t<rs-slides style=\"overflow: hidden; position: absolute;\">\n\t\t\t\t\t\t<rs-slide style=\"position: absolute;\" data-key=\"rs-8\" data-title=\"Slide\" data-in=\"o:0;\" data-out=\"a:false;\">\n\t\t\t\t\t\t\t<img decoding=\"async\" src=\"\/\/70aniversario.feyalegria.org\/venezuela\/wp-content\/plugins\/revslider\/sr6\/assets\/assets\/dummy.png\" alt=\"Slide\" title=\"Eventos\" class=\"rev-slidebg tp-rs-img rs-lazyload\" data-lazyload=\"\/\/70aniversario.feyalegria.org\/venezuela\/wp-content\/plugins\/revslider\/sr6\/assets\/assets\/transparent.png\" data-no-retina>\n<!--\n\t\t\t\t\t\t\t--><rs-layer\n\t\t\t\t\t\t\t\tid=\"slider-4-slide-8-layer-0\" \n\t\t\t\t\t\t\t\tdata-type=\"image\"\n\t\t\t\t\t\t\t\tdata-rsp_ch=\"on\"\n\t\t\t\t\t\t\t\tdata-xy=\"yo:39px,39px,43px,0;\"\n\t\t\t\t\t\t\t\tdata-text=\"w:normal;s:20,20,7,4;l:0,0,9,6;\"\n\t\t\t\t\t\t\t\tdata-dim=\"w:[&#039;100%&#039;,&#039;100%&#039;,&#039;100%&#039;,&#039;100%&#039;];h:[&#039;100%&#039;,&#039;100%&#039;,&#039;100%&#039;,&#039;100%&#039;];\"\n\t\t\t\t\t\t\t\tdata-basealign=\"slide\"\n\t\t\t\t\t\t\t\tdata-frame_999=\"o:0;st:w;\"\n\t\t\t\t\t\t\t\tstyle=\"z-index:6;\"\n\t\t\t\t\t\t\t><img fetchpriority=\"high\" decoding=\"async\" src=\"\/\/70aniversario.feyalegria.org\/venezuela\/wp-content\/plugins\/revslider\/sr6\/assets\/assets\/dummy.png\" alt=\"\" class=\"tp-rs-img rs-lazyload\" width=\"1920\" height=\"1080\" data-lazyload=\"\/\/70aniversario.feyalegria.org\/venezuela\/wp-content\/uploads\/sites\/4\/2025\/02\/Basic-Plan.jpg\" data-c=\"cover-proportional\" data-no-retina> \n\t\t\t\t\t\t\t<\/rs-layer><!--\n\n\t\t\t\t\t\t\t--><rs-layer\n\t\t\t\t\t\t\t\tid=\"slider-4-slide-8-layer-1\" \n\t\t\t\t\t\t\t\tdata-type=\"shape\"\n\t\t\t\t\t\t\t\tdata-rsp_ch=\"on\"\n\t\t\t\t\t\t\t\tdata-xy=\"xo:0,0,-264px,-264px;yo:26px,26px,95px,0;\"\n\t\t\t\t\t\t\t\tdata-text=\"w:normal;s:20,20,7,4;l:0,0,9,6;\"\n\t\t\t\t\t\t\t\tdata-dim=\"w:100%,100%,1328px,167%;h:100%,100%,1056px,100%;\"\n\t\t\t\t\t\t\t\tdata-frame_0=\"x:0,0,0px,0px;y:0,0,0px,0px;\"\n\t\t\t\t\t\t\t\tdata-frame_1=\"x:0,0,0px,0px;y:0,0,0px,0px;\"\n\t\t\t\t\t\t\t\tdata-frame_999=\"o:0;st:w;\"\n\t\t\t\t\t\t\t\tstyle=\"z-index:7;background-color:rgba(0,0,0,0.5);\"\n\t\t\t\t\t\t\t> \n\t\t\t\t\t\t\t<\/rs-layer><!--\n\n\t\t\t\t\t\t\t--><rs-layer\n\t\t\t\t\t\t\t\tid=\"slider-4-slide-8-layer-2\" \n\t\t\t\t\t\t\t\tdata-type=\"text\"\n\t\t\t\t\t\t\t\tdata-rsp_ch=\"on\"\n\t\t\t\t\t\t\t\tdata-xy=\"x:c;y:m;yo:300px,300px,200px,200px;\"\n\t\t\t\t\t\t\t\tdata-text=\"w:normal;s:30,30,12,10;l:30,30,12,30;a:center;\"\n\t\t\t\t\t\t\t\tdata-dim=\"w:1105px,1105px,100%,455px;\"\n\t\t\t\t\t\t\t\tdata-frame_1=\"e:back.in;sp:1000;\"\n\t\t\t\t\t\t\t\tdata-frame_999=\"o:0;st:w;\"\n\t\t\t\t\t\t\t\tstyle=\"z-index:9;font-family:'Fira Sans';\"\n\t\t\t\t\t\t\t>\"Anhelo integrar en un solo valor la selva, los talleres y los libros, los maestros y los consejeros, la fe, el paisaje y la oraci\u00f3n, los grandes proyectos del futuro, el arte, la esperanza y el amor\u201d.<br \/>\n<br \/>\n(Testamento del Padre V\u00e9laz).<br \/>\n \n\t\t\t\t\t\t\t<\/rs-layer><!--\n\n\t\t\t\t\t\t\t--><rs-layer\n\t\t\t\t\t\t\t\tid=\"slider-4-slide-8-layer-3\" \n\t\t\t\t\t\t\t\tdata-type=\"shape\"\n\t\t\t\t\t\t\t\tdata-rsp_ch=\"on\"\n\t\t\t\t\t\t\t\tdata-xy=\"x:c;y:m;yo:300px,300px,200px,200px;\"\n\t\t\t\t\t\t\t\tdata-text=\"w:normal;s:20,20,7,4;l:0,0,9,6;\"\n\t\t\t\t\t\t\t\tdata-dim=\"w:100%;h:20%,20%,10%,15%;\"\n\t\t\t\t\t\t\t\tdata-frame_999=\"o:0;st:w;\"\n\t\t\t\t\t\t\t\tstyle=\"z-index:8;background-color:rgba(209,10,16,0.5);\"\n\t\t\t\t\t\t\t> \n\t\t\t\t\t\t\t<\/rs-layer><!--\n\n\t\t\t\t\t\t\t--><rs-layer\n\t\t\t\t\t\t\t\tid=\"slider-4-slide-8-layer-4\" \n\t\t\t\t\t\t\t\tdata-type=\"image\"\n\t\t\t\t\t\t\t\tdata-rsp_ch=\"on\"\n\t\t\t\t\t\t\t\tdata-xy=\"x:c;xo:0,0,37px,0;y:b;yo:250px,250px,50px,50px;\"\n\t\t\t\t\t\t\t\tdata-text=\"w:normal;s:20,20,7,4;l:0,0,9,6;\"\n\t\t\t\t\t\t\t\tdata-dim=\"w:150px,150px,60px,37px;h:150px,150px,60px,37px;\"\n\t\t\t\t\t\t\t\tdata-frame_1=\"e:power2.in;sp:1000;\"\n\t\t\t\t\t\t\t\tdata-frame_999=\"o:0;st:w;\"\n\t\t\t\t\t\t\t\tstyle=\"z-index:10;\"\n\t\t\t\t\t\t\t><img decoding=\"async\" src=\"\/\/70aniversario.feyalegria.org\/venezuela\/wp-content\/plugins\/revslider\/sr6\/assets\/assets\/dummy.png\" alt=\"\" class=\"tp-rs-img rs-lazyload\" width=\"1000\" height=\"1000\" data-lazyload=\"\/\/70aniversario.feyalegria.org\/venezuela\/wp-content\/uploads\/sites\/4\/2025\/02\/FyA70_diapo@2x.png\" data-no-retina> \n\t\t\t\t\t\t\t<\/rs-layer><!--\n-->\t\t\t\t\t<\/rs-slide>\n\t\t\t\t\t<\/rs-slides>\n\t\t\t\t<\/rs-module>\n\t\t\t\t<script>\n\t\t\t\t\tsetREVStartSize({c: 'rev_slider_4_1',rl:[1240,1240,778,480],el:[900,900,960,720],gw:[1920,1920,778,480],gh:[900,900,960,720],type:'standard',justify:'',layout:'fullscreen',offsetContainer:'',offset:'',mh:\"0\"});if (window.RS_MODULES!==undefined && window.RS_MODULES.modules!==undefined && window.RS_MODULES.modules[\"revslider41\"]!==undefined) {window.RS_MODULES.modules[\"revslider41\"].once = false;window.revapi4 = undefined;if (window.RS_MODULES.checkMinimal!==undefined) window.RS_MODULES.checkMinimal()}\n\t\t\t\t<\/script>\n\t\t\t<\/rs-module-wrap>\n\t\t\t<!-- END REVOLUTION SLIDER -->\n<\/div>\n\n\t\t\t\t<\/div>\n\t\t\t\t<\/div>\n\t\t\t\t<\/div>\n\t\t<div class=\"elementor-element elementor-element-6604c30 e-flex e-con-boxed e-con e-parent\" data-id=\"6604c30\" data-element_type=\"container\" data-settings=\"{&quot;background_background&quot;:&quot;gradient&quot;}\">\n\t\t\t\t\t<div class=\"e-con-inner\">\n\t\t\t\t<div class=\"elementor-element elementor-element-2a8e291 elementor-widget elementor-widget-heading\" data-id=\"2a8e291\" data-element_type=\"widget\" data-widget_type=\"heading.default\">\n\t\t\t\t<div class=\"elementor-widget-container\">\n\t\t\t<h2 class=\"elementor-heading-title elementor-size-default\">Agenda de Eventos de Aniversario<\/h2>\t\t<\/div>\n\t\t\t\t<\/div>\n\t\t\t\t\t<\/div>\n\t\t\t\t<\/div>\n\t\t<div class=\"elementor-element elementor-element-d6047a4 e-grid e-con-boxed e-con e-parent\" data-id=\"d6047a4\" data-element_type=\"container\">\n\t\t\t\t\t<div class=\"e-con-inner\">\n\t\t<div class=\"elementor-element elementor-element-c129bac e-con-full e-flex e-con e-child\" data-id=\"c129bac\" data-element_type=\"container\">\n\t\t\t\t<div class=\"elementor-element elementor-element-4f05078 elementor-widget elementor-widget-heading\" data-id=\"4f05078\" data-element_type=\"widget\" data-widget_type=\"heading.default\">\n\t\t\t\t<div class=\"elementor-widget-container\">\n\t\t\t<h3 class=\"elementor-heading-title elementor-size-default\">Aniversario del Instituto Universitario Jes\u00fas Obrero - Catia<\/h3>\t\t<\/div>\n\t\t\t\t<\/div>\n\t\t\t\t<div class=\"elementor-element elementor-element-508cabb elementor-widget elementor-widget-heading\" data-id=\"508cabb\" data-element_type=\"widget\" data-widget_type=\"heading.default\">\n\t\t\t\t<div class=\"elementor-widget-container\">\n\t\t\t<h6 class=\"elementor-heading-title elementor-size-default\">Fecha: 3 octubre de 2025. \n<\/h6>\t\t<\/div>\n\t\t\t\t<\/div>\n\t\t\t\t<div class=\"elementor-element elementor-element-b539995 elementor-widget elementor-widget-text-editor\" data-id=\"b539995\" data-element_type=\"widget\" data-widget_type=\"text-editor.default\">\n\t\t\t\t<div class=\"elementor-widget-container\">\n\t\t\t\t\t\t\t<p><span style=\"font-weight: 400\"><strong>Nombre del evento:<\/strong> \u00a0 Acto de reconocimiento al\u00a0 personal\u00a0 por aniversario n\u00famero 27<\/span><\/p><p><span style=\"font-weight: 400\"><strong>Objetivo\/breve descripci\u00f3n:<\/strong> Acto de reconocimiento por 5, 10, 15, 20 y 25 a\u00f1os al personal en el marco del aniversario n\u00famero 27 del Instituto Universitario Jes\u00fas Obrero de Catia.<\/span><\/p><p><strong>Lugar:<\/strong>\u00a0Sala Piedra, <span style=\"font-weight: 400\">Instituto Universitario Jes\u00fas Obrero de Catia.<\/span> Distrito Capital.<\/p>\t\t\t\t\t\t<\/div>\n\t\t\t\t<\/div>\n\t\t\t\t<\/div>\n\t\t<div class=\"elementor-element elementor-element-5179b5d e-con-full e-flex e-con e-child\" data-id=\"5179b5d\" data-element_type=\"container\">\n\t\t\t\t<div class=\"elementor-element elementor-element-81f1dd8 elementor-widget elementor-widget-heading\" data-id=\"81f1dd8\" data-element_type=\"widget\" data-widget_type=\"heading.default\">\n\t\t\t\t<div class=\"elementor-widget-container\">\n\t\t\t<h3 class=\"elementor-heading-title elementor-size-default\">Seminario de Educomunicaci\u00f3n<\/h3>\t\t<\/div>\n\t\t\t\t<\/div>\n\t\t\t\t<div class=\"elementor-element elementor-element-bdf618f elementor-widget elementor-widget-heading\" data-id=\"bdf618f\" data-element_type=\"widget\" data-widget_type=\"heading.default\">\n\t\t\t\t<div class=\"elementor-widget-container\">\n\t\t\t<h6 class=\"elementor-heading-title elementor-size-default\">Fecha: 28 y 29 de octubre de 2025. \n<\/h6>\t\t<\/div>\n\t\t\t\t<\/div>\n\t\t\t\t<div class=\"elementor-element elementor-element-687c90e elementor-widget elementor-widget-text-editor\" data-id=\"687c90e\" data-element_type=\"widget\" data-widget_type=\"text-editor.default\">\n\t\t\t\t<div class=\"elementor-widget-container\">\n\t\t\t\t\t\t\t<p><span style=\"font-weight: 400\"><strong>Nombre del evento:<\/strong> &#8220;Fe y Alegr\u00eda Educomunicaci\u00f3n: desaf\u00edos para la innovaci\u00f3n &#8220;<\/span><\/p><p><span style=\"font-weight: 400\"><strong>Objetivo\/breve descripci\u00f3n:<\/strong> Definir las orientaciones innovadoras de cara al futuro del programa Fe y Alegr\u00eda Educomunicaci\u00f3n, reflexionando cr\u00edticamente sobre sus dimensiones claves: educativa, comunicacional y de gesti\u00f3n.<br \/><br \/><strong>Lugar:<\/strong> Casa hogar Madre Emilia- Quinta Madre Emilia, Av. Teher\u00e1n, Caracas 1020, Distrito Capital.<br \/><\/span><\/p>\t\t\t\t\t\t<\/div>\n\t\t\t\t<\/div>\n\t\t\t\t<\/div>\n\t\t<div class=\"elementor-element elementor-element-ae81dcb e-con-full e-flex e-con e-child\" data-id=\"ae81dcb\" data-element_type=\"container\">\n\t\t\t\t<div class=\"elementor-element elementor-element-0926b7f elementor-widget elementor-widget-heading\" data-id=\"0926b7f\" data-element_type=\"widget\" data-widget_type=\"heading.default\">\n\t\t\t\t<div class=\"elementor-widget-container\">\n\t\t\t<h3 class=\"elementor-heading-title elementor-size-default\">Congreso Pedag\u00f3gico de Fe y Alegr\u00eda<\/h3>\t\t<\/div>\n\t\t\t\t<\/div>\n\t\t\t\t<div class=\"elementor-element elementor-element-762971a elementor-widget elementor-widget-heading\" data-id=\"762971a\" data-element_type=\"widget\" data-widget_type=\"heading.default\">\n\t\t\t\t<div class=\"elementor-widget-container\">\n\t\t\t<h6 class=\"elementor-heading-title elementor-size-default\">Fecha: 3 y 4 de diciembre de 2025. \n<\/h6>\t\t<\/div>\n\t\t\t\t<\/div>\n\t\t\t\t<div class=\"elementor-element elementor-element-d23b195 elementor-widget elementor-widget-text-editor\" data-id=\"d23b195\" data-element_type=\"widget\" data-widget_type=\"text-editor.default\">\n\t\t\t\t<div class=\"elementor-widget-container\">\n\t\t\t\t\t\t\t<p>\u00a0<\/p><p><span style=\"font-weight: 400\"><strong>Objetivo\/breve descripci\u00f3n: <\/strong><\/span><span style=\"font-weight: 400\">Reconocer y celebrar los logros de Fe y Alegr\u00eda en la educaci\u00f3n a lo largo de siete d\u00e9cadas para motivar a los educadores a innovar y transformar sus pr\u00e1cticas educativas, en el marco de la Educaci\u00f3n Popular.<\/span><\/p><p><span style=\"font-weight: 400\">Crear espacios de di\u00e1logo y colaboraci\u00f3n entre educadores, autoridades y expertos en educaci\u00f3n, para analizar el legado de Fe y Alegr\u00eda y proyectar su impacto en la educaci\u00f3n futura.<\/span><\/p><p><strong>Lugar:<\/strong> <span style=\"font-weight: 400\">La Rinconada.<\/span><\/p>\t\t\t\t\t\t<\/div>\n\t\t\t\t<\/div>\n\t\t\t\t<\/div>\n\t\t<div class=\"elementor-element elementor-element-20086b7 e-con-full e-flex e-con e-child\" data-id=\"20086b7\" data-element_type=\"container\">\n\t\t\t\t<div class=\"elementor-element elementor-element-a85f0c6 elementor-widget elementor-widget-heading\" data-id=\"a85f0c6\" data-element_type=\"widget\" data-widget_type=\"heading.default\">\n\t\t\t\t<div class=\"elementor-widget-container\">\n\t\t\t<h3 class=\"elementor-heading-title elementor-size-default\">Pol\u00edtica de protecci\u00f3n<\/h3>\t\t<\/div>\n\t\t\t\t<\/div>\n\t\t\t\t<div class=\"elementor-element elementor-element-c76cde9 elementor-widget elementor-widget-heading\" data-id=\"c76cde9\" data-element_type=\"widget\" data-widget_type=\"heading.default\">\n\t\t\t\t<div class=\"elementor-widget-container\">\n\t\t\t<h6 class=\"elementor-heading-title elementor-size-default\">Fecha: 3 y 4 de diciembre de 2025. \n<\/h6>\t\t<\/div>\n\t\t\t\t<\/div>\n\t\t\t\t<div class=\"elementor-element elementor-element-686a660 elementor-widget elementor-widget-text-editor\" data-id=\"686a660\" data-element_type=\"widget\" data-widget_type=\"text-editor.default\">\n\t\t\t\t<div class=\"elementor-widget-container\">\n\t\t\t\t\t\t\t<p><span style=\"font-weight: 400\"><strong><br \/>Nombre del evento:<\/strong> \u00bfQu\u00e9 acciones implementa Fe y Alegr\u00eda Venezuela para la protecci\u00f3n de la ni\u00f1ez y la juventud en sus escuelas?<\/span><\/p><p><span style=\"font-weight: 400\"><strong>Objetivo\/breve descripci\u00f3n: <\/strong><\/span><span style=\"font-weight: 400\">Lanzamiento de campa\u00f1a para posicionar a Fe y Alegr\u00eda como una instancia garante de los derechos de la ni\u00f1ez y la juventud en sus centros educativos.\u00a0<\/span><\/p><p><strong>Lugar:<\/strong> <span style=\"font-weight: 400\">Distrito Capital.<\/span><\/p>\t\t\t\t\t\t<\/div>\n\t\t\t\t<\/div>\n\t\t\t\t<\/div>\n\t\t\t\t\t<\/div>\n\t\t\t\t<\/div>\n\t\t\t\t<\/div>\n\t\t","protected":false},"excerpt":{"rendered":"<p>Agenda de Eventos de Aniversario Aniversario del Instituto Universitario Jes\u00fas Obrero &#8211; Catia Fecha: 3 octubre de 2025. Nombre del evento: \u00a0 Acto de reconocimiento al\u00a0 personal\u00a0 por aniversario n\u00famero 27 Objetivo\/breve descripci\u00f3n: Acto de reconocimiento por 5, 10, 15, 20 y 25 a\u00f1os al personal en el marco del aniversario n\u00famero 27 del Instituto [&hellip;]<\/p>\n","protected":false},"author":8,"featured_media":0,"parent":0,"menu_order":0,"comment_status":"closed","ping_status":"closed","template":"","meta":{"footnotes":""},"class_list":["post-10766","page","type-page","status-publish","hentry"],"_links":{"self":[{"href":"https:\/\/70aniversario.feyalegria.org\/venezuela\/wp-json\/wp\/v2\/pages\/10766","targetHints":{"allow":["GET"]}}],"collection":[{"href":"https:\/\/70aniversario.feyalegria.org\/venezuela\/wp-json\/wp\/v2\/pages"}],"about":[{"href":"https:\/\/70aniversario.feyalegria.org\/venezuela\/wp-json\/wp\/v2\/types\/page"}],"author":[{"embeddable":true,"href":"https:\/\/70aniversario.feyalegria.org\/venezuela\/wp-json\/wp\/v2\/users\/8"}],"replies":[{"embeddable":true,"href":"https:\/\/70aniversario.feyalegria.org\/venezuela\/wp-json\/wp\/v2\/comments?post=10766"}],"version-history":[{"count":46,"href":"https:\/\/70aniversario.feyalegria.org\/venezuela\/wp-json\/wp\/v2\/pages\/10766\/revisions"}],"predecessor-version":[{"id":11957,"href":"https:\/\/70aniversario.feyalegria.org\/venezuela\/wp-json\/wp\/v2\/pages\/10766\/revisions\/11957"}],"wp:attachment":[{"href":"https:\/\/70aniversario.feyalegria.org\/venezuela\/wp-json\/wp\/v2\/media?parent=10766"}],"curies":[{"name":"wp","href":"https:\/\/api.w.org\/{rel}","templated":true}]}}