{"id":10764,"date":"2025-02-12T09:02:44","date_gmt":"2025-02-12T14:02:44","guid":{"rendered":"https:\/\/70aniversario.feyalegria.org\/venezuela\/?page_id=10764"},"modified":"2025-10-30T14:25:42","modified_gmt":"2025-10-30T19:25:42","slug":"que-hacemos","status":"publish","type":"page","link":"https:\/\/70aniversario.feyalegria.org\/venezuela\/que-hacemos\/","title":{"rendered":"Qu\u00e9 hacemos"},"content":{"rendered":"\t\t<div data-elementor-type=\"wp-page\" data-elementor-id=\"10764\" class=\"elementor elementor-10764\">\n\t\t\t\t<div class=\"elementor-element elementor-element-29c948d e-flex e-con-boxed e-con e-parent\" data-id=\"29c948d\" data-element_type=\"container\">\n\t\t\t\t\t<div class=\"e-con-inner\">\n\t\t\t\t<div class=\"elementor-element elementor-element-65dc44f elementor-widget elementor-widget-spacer\" data-id=\"65dc44f\" data-element_type=\"widget\" data-widget_type=\"spacer.default\">\n\t\t\t\t<div class=\"elementor-widget-container\">\n\t\t\t\t\t<div class=\"elementor-spacer\">\n\t\t\t<div class=\"elementor-spacer-inner\"><\/div>\n\t\t<\/div>\n\t\t\t\t<\/div>\n\t\t\t\t<\/div>\n\t\t\t\t<div class=\"elementor-element elementor-element-d9e2562 e-transform elementor-widget elementor-widget-heading\" data-id=\"d9e2562\" data-element_type=\"widget\" data-settings=\"{&quot;_transform_scale_effect_hover&quot;:{&quot;unit&quot;:&quot;px&quot;,&quot;size&quot;:&quot;1.1&quot;,&quot;sizes&quot;:[]},&quot;_transform_scale_effect_hover_tablet&quot;:{&quot;unit&quot;:&quot;px&quot;,&quot;size&quot;:&quot;&quot;,&quot;sizes&quot;:[]},&quot;_transform_scale_effect_hover_mobile&quot;:{&quot;unit&quot;:&quot;px&quot;,&quot;size&quot;:&quot;&quot;,&quot;sizes&quot;:[]}}\" data-widget_type=\"heading.default\">\n\t\t\t\t<div class=\"elementor-widget-container\">\n\t\t\t<h2 class=\"elementor-heading-title elementor-size-default\"><a href=\"https:\/\/www.feyalegria.org\/venezuela\/programa-escuelas\/\">Escuelas<\/a><\/h2>\t\t<\/div>\n\t\t\t\t<\/div>\n\t\t\t\t\t<\/div>\n\t\t\t\t<\/div>\n\t\t<div class=\"elementor-element elementor-element-8c21061 e-flex e-con-boxed e-con e-parent\" data-id=\"8c21061\" data-element_type=\"container\">\n\t\t\t\t\t<div class=\"e-con-inner\">\n\t\t\t\t<div class=\"elementor-element elementor-element-cd90e58 e-transform elementor-widget elementor-widget-image\" data-id=\"cd90e58\" data-element_type=\"widget\" data-settings=\"{&quot;_transform_scale_effect_hover&quot;:{&quot;unit&quot;:&quot;px&quot;,&quot;size&quot;:&quot;1.03&quot;,&quot;sizes&quot;:[]},&quot;_transform_scale_effect_hover_tablet&quot;:{&quot;unit&quot;:&quot;px&quot;,&quot;size&quot;:&quot;&quot;,&quot;sizes&quot;:[]},&quot;_transform_scale_effect_hover_mobile&quot;:{&quot;unit&quot;:&quot;px&quot;,&quot;size&quot;:&quot;&quot;,&quot;sizes&quot;:[]}}\" data-widget_type=\"image.default\">\n\t\t\t\t<div class=\"elementor-widget-container\">\n\t\t\t\t\t\t\t\t\t\t\t\t\t\t<a href=\"https:\/\/www.feyalegria.org\/venezuela\/programa-escuelas\/\">\n\t\t\t\t\t\t\t<img fetchpriority=\"high\" decoding=\"async\" width=\"1024\" height=\"576\" src=\"https:\/\/70aniversario.feyalegria.org\/venezuela\/wp-content\/uploads\/sites\/4\/2025\/03\/Basic-Plan-1024x576.jpg\" class=\"attachment-large size-large wp-image-11468\" alt=\"\" srcset=\"https:\/\/70aniversario.feyalegria.org\/venezuela\/wp-content\/uploads\/sites\/4\/2025\/03\/Basic-Plan-1024x576.jpg 1024w, https:\/\/70aniversario.feyalegria.org\/venezuela\/wp-content\/uploads\/sites\/4\/2025\/03\/Basic-Plan-300x169.jpg 300w, https:\/\/70aniversario.feyalegria.org\/venezuela\/wp-content\/uploads\/sites\/4\/2025\/03\/Basic-Plan-768x432.jpg 768w, https:\/\/70aniversario.feyalegria.org\/venezuela\/wp-content\/uploads\/sites\/4\/2025\/03\/Basic-Plan-1536x864.jpg 1536w, https:\/\/70aniversario.feyalegria.org\/venezuela\/wp-content\/uploads\/sites\/4\/2025\/03\/Basic-Plan.jpg 1920w\" sizes=\"(max-width: 1024px) 100vw, 1024px\" \/>\t\t\t\t\t\t\t\t<\/a>\n\t\t\t\t\t\t\t\t\t\t\t\t\t<\/div>\n\t\t\t\t<\/div>\n\t\t\t\t<div class=\"elementor-element elementor-element-11c9847 elementor-button-info elementor-align-center elementor-widget elementor-widget-button\" data-id=\"11c9847\" data-element_type=\"widget\" data-widget_type=\"button.default\">\n\t\t\t\t<div class=\"elementor-widget-container\">\n\t\t\t\t\t\t\t<div class=\"elementor-button-wrapper\">\n\t\t\t\t\t<a class=\"elementor-button elementor-button-link elementor-size-sm\" href=\"https:\/\/www.feyalegria.org\/venezuela\/programa-escuelas\/\">\n\t\t\t\t\t\t<span class=\"elementor-button-content-wrapper\">\n\t\t\t\t\t\t\t\t\t<span class=\"elementor-button-text\">Ver m\u00e1s<\/span>\n\t\t\t\t\t<\/span>\n\t\t\t\t\t<\/a>\n\t\t\t\t<\/div>\n\t\t\t\t\t\t<\/div>\n\t\t\t\t<\/div>\n\t\t\t\t\t<\/div>\n\t\t\t\t<\/div>\n\t\t<div class=\"elementor-element elementor-element-5abf026 e-flex e-con-boxed e-con e-parent\" data-id=\"5abf026\" data-element_type=\"container\">\n\t\t\t\t\t<div class=\"e-con-inner\">\n\t\t\t\t<div class=\"elementor-element elementor-element-130132a e-transform e-transform elementor-widget elementor-widget-heading\" data-id=\"130132a\" data-element_type=\"widget\" data-settings=\"{&quot;_transform_scale_effect_hover&quot;:{&quot;unit&quot;:&quot;px&quot;,&quot;size&quot;:&quot;1.1&quot;,&quot;sizes&quot;:[]},&quot;_transform_scale_effect&quot;:{&quot;unit&quot;:&quot;px&quot;,&quot;size&quot;:&quot;&quot;,&quot;sizes&quot;:[]},&quot;_transform_scale_effect_tablet&quot;:{&quot;unit&quot;:&quot;px&quot;,&quot;size&quot;:&quot;&quot;,&quot;sizes&quot;:[]},&quot;_transform_scale_effect_mobile&quot;:{&quot;unit&quot;:&quot;px&quot;,&quot;size&quot;:&quot;&quot;,&quot;sizes&quot;:[]},&quot;_transform_scale_effect_hover_tablet&quot;:{&quot;unit&quot;:&quot;px&quot;,&quot;size&quot;:&quot;&quot;,&quot;sizes&quot;:[]},&quot;_transform_scale_effect_hover_mobile&quot;:{&quot;unit&quot;:&quot;px&quot;,&quot;size&quot;:&quot;&quot;,&quot;sizes&quot;:[]}}\" data-widget_type=\"heading.default\">\n\t\t\t\t<div class=\"elementor-widget-container\">\n\t\t\t<h2 class=\"elementor-heading-title elementor-size-default\"><a href=\"https:\/\/www.feyalegria.org\/venezuela\/fe-y-alegria-educomunicacion\/\">EduComunicaci\u00f3n<\/a><\/h2>\t\t<\/div>\n\t\t\t\t<\/div>\n\t\t\t\t\t<\/div>\n\t\t\t\t<\/div>\n\t\t<div class=\"elementor-element elementor-element-279e793 e-flex e-con-boxed e-con e-parent\" data-id=\"279e793\" data-element_type=\"container\">\n\t\t\t\t\t<div class=\"e-con-inner\">\n\t\t\t\t<div class=\"elementor-element elementor-element-7ba857a e-transform elementor-widget elementor-widget-image\" data-id=\"7ba857a\" data-element_type=\"widget\" data-settings=\"{&quot;_transform_scale_effect_hover&quot;:{&quot;unit&quot;:&quot;px&quot;,&quot;size&quot;:&quot;1.03&quot;,&quot;sizes&quot;:[]},&quot;_transform_scale_effect_hover_tablet&quot;:{&quot;unit&quot;:&quot;px&quot;,&quot;size&quot;:&quot;&quot;,&quot;sizes&quot;:[]},&quot;_transform_scale_effect_hover_mobile&quot;:{&quot;unit&quot;:&quot;px&quot;,&quot;size&quot;:&quot;&quot;,&quot;sizes&quot;:[]}}\" data-widget_type=\"image.default\">\n\t\t\t\t<div class=\"elementor-widget-container\">\n\t\t\t\t\t\t\t\t\t\t\t\t\t\t<a href=\"https:\/\/www.feyalegria.org\/venezuela\/fe-y-alegria-educomunicacion\/\">\n\t\t\t\t\t\t\t<img decoding=\"async\" width=\"1024\" height=\"576\" src=\"https:\/\/70aniversario.feyalegria.org\/venezuela\/wp-content\/uploads\/sites\/4\/2025\/03\/Basic-Plan-2-1024x576.jpg\" class=\"attachment-large size-large wp-image-11466\" alt=\"\" srcset=\"https:\/\/70aniversario.feyalegria.org\/venezuela\/wp-content\/uploads\/sites\/4\/2025\/03\/Basic-Plan-2-1024x576.jpg 1024w, https:\/\/70aniversario.feyalegria.org\/venezuela\/wp-content\/uploads\/sites\/4\/2025\/03\/Basic-Plan-2-300x169.jpg 300w, https:\/\/70aniversario.feyalegria.org\/venezuela\/wp-content\/uploads\/sites\/4\/2025\/03\/Basic-Plan-2-768x432.jpg 768w, https:\/\/70aniversario.feyalegria.org\/venezuela\/wp-content\/uploads\/sites\/4\/2025\/03\/Basic-Plan-2-1536x864.jpg 1536w, https:\/\/70aniversario.feyalegria.org\/venezuela\/wp-content\/uploads\/sites\/4\/2025\/03\/Basic-Plan-2.jpg 1920w\" sizes=\"(max-width: 1024px) 100vw, 1024px\" \/>\t\t\t\t\t\t\t\t<\/a>\n\t\t\t\t\t\t\t\t\t\t\t\t\t<\/div>\n\t\t\t\t<\/div>\n\t\t\t\t<div class=\"elementor-element elementor-element-96a0ce2 elementor-button-info elementor-align-center elementor-widget elementor-widget-button\" data-id=\"96a0ce2\" data-element_type=\"widget\" data-widget_type=\"button.default\">\n\t\t\t\t<div class=\"elementor-widget-container\">\n\t\t\t\t\t\t\t<div class=\"elementor-button-wrapper\">\n\t\t\t\t\t<a class=\"elementor-button elementor-button-link elementor-size-sm\" href=\"https:\/\/www.feyalegria.org\/venezuela\/fe-y-alegria-educomunicacion\">\n\t\t\t\t\t\t<span class=\"elementor-button-content-wrapper\">\n\t\t\t\t\t\t\t\t\t<span class=\"elementor-button-text\">Ver m\u00e1s<\/span>\n\t\t\t\t\t<\/span>\n\t\t\t\t\t<\/a>\n\t\t\t\t<\/div>\n\t\t\t\t\t\t<\/div>\n\t\t\t\t<\/div>\n\t\t\t\t\t<\/div>\n\t\t\t\t<\/div>\n\t\t<div class=\"elementor-element elementor-element-a98b895 e-flex e-con-boxed e-con e-parent\" data-id=\"a98b895\" data-element_type=\"container\">\n\t\t\t\t\t<div class=\"e-con-inner\">\n\t\t\t\t<div class=\"elementor-element elementor-element-5b207a4 e-transform e-transform elementor-widget elementor-widget-heading\" data-id=\"5b207a4\" data-element_type=\"widget\" data-settings=\"{&quot;_transform_scale_effect_hover&quot;:{&quot;unit&quot;:&quot;px&quot;,&quot;size&quot;:&quot;1.1&quot;,&quot;sizes&quot;:[]},&quot;_transform_scale_effect&quot;:{&quot;unit&quot;:&quot;px&quot;,&quot;size&quot;:&quot;&quot;,&quot;sizes&quot;:[]},&quot;_transform_scale_effect_tablet&quot;:{&quot;unit&quot;:&quot;px&quot;,&quot;size&quot;:&quot;&quot;,&quot;sizes&quot;:[]},&quot;_transform_scale_effect_mobile&quot;:{&quot;unit&quot;:&quot;px&quot;,&quot;size&quot;:&quot;&quot;,&quot;sizes&quot;:[]},&quot;_transform_scale_effect_hover_tablet&quot;:{&quot;unit&quot;:&quot;px&quot;,&quot;size&quot;:&quot;&quot;,&quot;sizes&quot;:[]},&quot;_transform_scale_effect_hover_mobile&quot;:{&quot;unit&quot;:&quot;px&quot;,&quot;size&quot;:&quot;&quot;,&quot;sizes&quot;:[]}}\" data-widget_type=\"heading.default\">\n\t\t\t\t<div class=\"elementor-widget-container\">\n\t\t\t<h2 class=\"elementor-heading-title elementor-size-default\"><a href=\"https:\/\/www.feyalegria.org\/venezuela\/capacitacion\/\">Capacitaci\u00f3n <\/a><\/h2>\t\t<\/div>\n\t\t\t\t<\/div>\n\t\t\t\t\t<\/div>\n\t\t\t\t<\/div>\n\t\t<div class=\"elementor-element elementor-element-3567ec6 e-flex e-con-boxed e-con e-parent\" data-id=\"3567ec6\" data-element_type=\"container\">\n\t\t\t\t\t<div class=\"e-con-inner\">\n\t\t\t\t<div class=\"elementor-element elementor-element-09e4a51 e-transform e-transform elementor-widget elementor-widget-image\" data-id=\"09e4a51\" data-element_type=\"widget\" data-settings=\"{&quot;_transform_scale_effect_hover&quot;:{&quot;unit&quot;:&quot;px&quot;,&quot;size&quot;:&quot;1.03&quot;,&quot;sizes&quot;:[]},&quot;_transform_scale_effect&quot;:{&quot;unit&quot;:&quot;px&quot;,&quot;size&quot;:&quot;&quot;,&quot;sizes&quot;:[]},&quot;_transform_scale_effect_tablet&quot;:{&quot;unit&quot;:&quot;px&quot;,&quot;size&quot;:&quot;&quot;,&quot;sizes&quot;:[]},&quot;_transform_scale_effect_mobile&quot;:{&quot;unit&quot;:&quot;px&quot;,&quot;size&quot;:&quot;&quot;,&quot;sizes&quot;:[]},&quot;_transform_scale_effect_hover_tablet&quot;:{&quot;unit&quot;:&quot;px&quot;,&quot;size&quot;:&quot;&quot;,&quot;sizes&quot;:[]},&quot;_transform_scale_effect_hover_mobile&quot;:{&quot;unit&quot;:&quot;px&quot;,&quot;size&quot;:&quot;&quot;,&quot;sizes&quot;:[]}}\" data-widget_type=\"image.default\">\n\t\t\t\t<div class=\"elementor-widget-container\">\n\t\t\t\t\t\t\t\t\t\t\t\t\t\t<a href=\"https:\/\/www.feyalegria.org\/venezuela\/capacitacion\/\">\n\t\t\t\t\t\t\t<img decoding=\"async\" width=\"1024\" height=\"576\" src=\"https:\/\/70aniversario.feyalegria.org\/venezuela\/wp-content\/uploads\/sites\/4\/2025\/03\/Basic-Plan-3-1024x576.jpg\" class=\"attachment-large size-large wp-image-11467\" alt=\"\" srcset=\"https:\/\/70aniversario.feyalegria.org\/venezuela\/wp-content\/uploads\/sites\/4\/2025\/03\/Basic-Plan-3-1024x576.jpg 1024w, https:\/\/70aniversario.feyalegria.org\/venezuela\/wp-content\/uploads\/sites\/4\/2025\/03\/Basic-Plan-3-300x169.jpg 300w, https:\/\/70aniversario.feyalegria.org\/venezuela\/wp-content\/uploads\/sites\/4\/2025\/03\/Basic-Plan-3-768x432.jpg 768w, https:\/\/70aniversario.feyalegria.org\/venezuela\/wp-content\/uploads\/sites\/4\/2025\/03\/Basic-Plan-3-1536x864.jpg 1536w, https:\/\/70aniversario.feyalegria.org\/venezuela\/wp-content\/uploads\/sites\/4\/2025\/03\/Basic-Plan-3.jpg 1920w\" sizes=\"(max-width: 1024px) 100vw, 1024px\" \/>\t\t\t\t\t\t\t\t<\/a>\n\t\t\t\t\t\t\t\t\t\t\t\t\t<\/div>\n\t\t\t\t<\/div>\n\t\t\t\t<div class=\"elementor-element elementor-element-15545bf elementor-button-info elementor-align-center elementor-widget elementor-widget-button\" data-id=\"15545bf\" data-element_type=\"widget\" data-widget_type=\"button.default\">\n\t\t\t\t<div class=\"elementor-widget-container\">\n\t\t\t\t\t\t\t<div class=\"elementor-button-wrapper\">\n\t\t\t\t\t<a class=\"elementor-button elementor-button-link elementor-size-sm\" href=\"https:\/\/www.feyalegria.org\/venezuela\/capacitacion\/\">\n\t\t\t\t\t\t<span class=\"elementor-button-content-wrapper\">\n\t\t\t\t\t\t\t\t\t<span class=\"elementor-button-text\">Ver m\u00e1s<\/span>\n\t\t\t\t\t<\/span>\n\t\t\t\t\t<\/a>\n\t\t\t\t<\/div>\n\t\t\t\t\t\t<\/div>\n\t\t\t\t<\/div>\n\t\t\t\t\t<\/div>\n\t\t\t\t<\/div>\n\t\t<div class=\"elementor-element elementor-element-f6b84ce e-flex e-con-boxed e-con e-parent\" data-id=\"f6b84ce\" data-element_type=\"container\">\n\t\t\t\t\t<div class=\"e-con-inner\">\n\t\t\t\t<div class=\"elementor-element elementor-element-49be29f elementor-widget elementor-widget-heading\" data-id=\"49be29f\" data-element_type=\"widget\" data-widget_type=\"heading.default\">\n\t\t\t\t<div class=\"elementor-widget-container\">\n\t\t\t<h2 class=\"elementor-heading-title elementor-size-default\"><a href=\"https:\/\/www.feyalegria.org\/venezuela\/fe-y-alegria-universidad\/\">Universidad<\/a><\/h2>\t\t<\/div>\n\t\t\t\t<\/div>\n\t\t\t\t\t<\/div>\n\t\t\t\t<\/div>\n\t\t<div class=\"elementor-element elementor-element-723e122 e-flex e-con-boxed e-con e-parent\" data-id=\"723e122\" data-element_type=\"container\">\n\t\t\t\t\t<div class=\"e-con-inner\">\n\t\t\t\t<div class=\"elementor-element elementor-element-3c3cbe0 e-transform e-transform elementor-widget elementor-widget-image\" data-id=\"3c3cbe0\" data-element_type=\"widget\" data-settings=\"{&quot;_transform_scale_effect_hover&quot;:{&quot;unit&quot;:&quot;px&quot;,&quot;size&quot;:&quot;1.03&quot;,&quot;sizes&quot;:[]},&quot;_transform_scale_effect&quot;:{&quot;unit&quot;:&quot;px&quot;,&quot;size&quot;:&quot;&quot;,&quot;sizes&quot;:[]},&quot;_transform_scale_effect_tablet&quot;:{&quot;unit&quot;:&quot;px&quot;,&quot;size&quot;:&quot;&quot;,&quot;sizes&quot;:[]},&quot;_transform_scale_effect_mobile&quot;:{&quot;unit&quot;:&quot;px&quot;,&quot;size&quot;:&quot;&quot;,&quot;sizes&quot;:[]},&quot;_transform_scale_effect_hover_tablet&quot;:{&quot;unit&quot;:&quot;px&quot;,&quot;size&quot;:&quot;&quot;,&quot;sizes&quot;:[]},&quot;_transform_scale_effect_hover_mobile&quot;:{&quot;unit&quot;:&quot;px&quot;,&quot;size&quot;:&quot;&quot;,&quot;sizes&quot;:[]}}\" data-widget_type=\"image.default\">\n\t\t\t\t<div class=\"elementor-widget-container\">\n\t\t\t\t\t\t\t\t\t\t\t\t\t\t<a href=\"https:\/\/www.feyalegria.org\/venezuela\/fe-y-alegria-universidad\/\">\n\t\t\t\t\t\t\t<img loading=\"lazy\" decoding=\"async\" width=\"1024\" height=\"576\" src=\"https:\/\/70aniversario.feyalegria.org\/venezuela\/wp-content\/uploads\/sites\/4\/2025\/03\/Basic-Plan-1-1024x576.jpg\" class=\"attachment-large size-large wp-image-11465\" alt=\"\" srcset=\"https:\/\/70aniversario.feyalegria.org\/venezuela\/wp-content\/uploads\/sites\/4\/2025\/03\/Basic-Plan-1-1024x576.jpg 1024w, https:\/\/70aniversario.feyalegria.org\/venezuela\/wp-content\/uploads\/sites\/4\/2025\/03\/Basic-Plan-1-300x169.jpg 300w, https:\/\/70aniversario.feyalegria.org\/venezuela\/wp-content\/uploads\/sites\/4\/2025\/03\/Basic-Plan-1-768x432.jpg 768w, https:\/\/70aniversario.feyalegria.org\/venezuela\/wp-content\/uploads\/sites\/4\/2025\/03\/Basic-Plan-1-1536x864.jpg 1536w, https:\/\/70aniversario.feyalegria.org\/venezuela\/wp-content\/uploads\/sites\/4\/2025\/03\/Basic-Plan-1.jpg 1920w\" sizes=\"(max-width: 1024px) 100vw, 1024px\" \/>\t\t\t\t\t\t\t\t<\/a>\n\t\t\t\t\t\t\t\t\t\t\t\t\t<\/div>\n\t\t\t\t<\/div>\n\t\t\t\t<div class=\"elementor-element elementor-element-f3d712b elementor-button-info elementor-align-center elementor-widget elementor-widget-button\" data-id=\"f3d712b\" data-element_type=\"widget\" data-widget_type=\"button.default\">\n\t\t\t\t<div class=\"elementor-widget-container\">\n\t\t\t\t\t\t\t<div class=\"elementor-button-wrapper\">\n\t\t\t\t\t<a class=\"elementor-button elementor-button-link elementor-size-sm\" href=\"https:\/\/www.feyalegria.org\/venezuela\/universidad\/\">\n\t\t\t\t\t\t<span class=\"elementor-button-content-wrapper\">\n\t\t\t\t\t\t\t\t\t<span class=\"elementor-button-text\">Ver m\u00e1s<\/span>\n\t\t\t\t\t<\/span>\n\t\t\t\t\t<\/a>\n\t\t\t\t<\/div>\n\t\t\t\t\t\t<\/div>\n\t\t\t\t<\/div>\n\t\t\t\t\t<\/div>\n\t\t\t\t<\/div>\n\t\t\t\t<\/div>\n\t\t","protected":false},"excerpt":{"rendered":"<p>Escuelas Ver m\u00e1s EduComunicaci\u00f3n Ver m\u00e1s Capacitaci\u00f3n Ver m\u00e1s Universidad Ver m\u00e1s<\/p>\n","protected":false},"author":8,"featured_media":0,"parent":0,"menu_order":0,"comment_status":"closed","ping_status":"closed","template":"","meta":{"footnotes":""},"class_list":["post-10764","page","type-page","status-publish","hentry"],"_links":{"self":[{"href":"https:\/\/70aniversario.feyalegria.org\/venezuela\/wp-json\/wp\/v2\/pages\/10764","targetHints":{"allow":["GET"]}}],"collection":[{"href":"https:\/\/70aniversario.feyalegria.org\/venezuela\/wp-json\/wp\/v2\/pages"}],"about":[{"href":"https:\/\/70aniversario.feyalegria.org\/venezuela\/wp-json\/wp\/v2\/types\/page"}],"author":[{"embeddable":true,"href":"https:\/\/70aniversario.feyalegria.org\/venezuela\/wp-json\/wp\/v2\/users\/8"}],"replies":[{"embeddable":true,"href":"https:\/\/70aniversario.feyalegria.org\/venezuela\/wp-json\/wp\/v2\/comments?post=10764"}],"version-history":[{"count":38,"href":"https:\/\/70aniversario.feyalegria.org\/venezuela\/wp-json\/wp\/v2\/pages\/10764\/revisions"}],"predecessor-version":[{"id":12063,"href":"https:\/\/70aniversario.feyalegria.org\/venezuela\/wp-json\/wp\/v2\/pages\/10764\/revisions\/12063"}],"wp:attachment":[{"href":"https:\/\/70aniversario.feyalegria.org\/venezuela\/wp-json\/wp\/v2\/media?parent=10764"}],"curies":[{"name":"wp","href":"https:\/\/api.w.org\/{rel}","templated":true}]}}